{"id":401,"date":"2021-11-01T11:30:50","date_gmt":"2021-11-01T11:30:50","guid":{"rendered":"https:\/\/demo.athemes.com\/sydney-main\/?page_id=401"},"modified":"2023-03-13T18:36:02","modified_gmt":"2023-03-13T18:36:02","slug":"quienes-somos","status":"publish","type":"page","link":"https:\/\/espanglishfun.com\/index.php\/quienes-somos\/","title":{"rendered":"Quienes Somos"},"content":{"rendered":"\t\t<div data-elementor-type=\"wp-page\" data-elementor-id=\"401\" class=\"elementor elementor-401\">\n\t\t\t\t\t\t<section class=\"elementor-section elementor-top-section elementor-element elementor-element-eedafb9 elementor-section-content-middle elementor-section-boxed elementor-section-height-default elementor-section-height-default\" data-id=\"eedafb9\" data-element_type=\"section\">\n\t\t\t\t\t\t<div class=\"elementor-container elementor-column-gap-default\">\n\t\t\t\t\t<div class=\"elementor-column elementor-col-50 elementor-top-column elementor-element elementor-element-571508b\" data-id=\"571508b\" data-element_type=\"column\">\n\t\t\t<div class=\"elementor-widget-wrap elementor-element-populated\">\n\t\t\t\t\t\t<div class=\"elementor-element elementor-element-2fc2cb6 elementor-widget elementor-widget-heading\" data-id=\"2fc2cb6\" data-element_type=\"widget\" data-widget_type=\"heading.default\">\n\t\t\t\t<div class=\"elementor-widget-container\">\n\t\t\t<style>\/*! elementor - v3.21.0 - 25-04-2024 *\/\n.elementor-heading-title{padding:0;margin:0;line-height:1}.elementor-widget-heading .elementor-heading-title[class*=elementor-size-]>a{color:inherit;font-size:inherit;line-height:inherit}.elementor-widget-heading .elementor-heading-title.elementor-size-small{font-size:15px}.elementor-widget-heading .elementor-heading-title.elementor-size-medium{font-size:19px}.elementor-widget-heading .elementor-heading-title.elementor-size-large{font-size:29px}.elementor-widget-heading .elementor-heading-title.elementor-size-xl{font-size:39px}.elementor-widget-heading .elementor-heading-title.elementor-size-xxl{font-size:59px}<\/style><h2 class=\"elementor-heading-title elementor-size-default\">Quienes somos<\/h2>\t\t<\/div>\n\t\t\t\t<\/div>\n\t\t\t\t<div class=\"elementor-element elementor-element-1cf0f1c elementor-widget elementor-widget-text-editor\" data-id=\"1cf0f1c\" data-element_type=\"widget\" data-widget_type=\"text-editor.default\">\n\t\t\t\t<div class=\"elementor-widget-container\">\n\t\t\t<style>\/*! elementor - v3.21.0 - 25-04-2024 *\/\n.elementor-widget-text-editor.elementor-drop-cap-view-stacked .elementor-drop-cap{background-color:#69727d;color:#fff}.elementor-widget-text-editor.elementor-drop-cap-view-framed .elementor-drop-cap{color:#69727d;border:3px solid;background-color:transparent}.elementor-widget-text-editor:not(.elementor-drop-cap-view-default) .elementor-drop-cap{margin-top:8px}.elementor-widget-text-editor:not(.elementor-drop-cap-view-default) .elementor-drop-cap-letter{width:1em;height:1em}.elementor-widget-text-editor .elementor-drop-cap{float:left;text-align:center;line-height:1;font-size:50px}.elementor-widget-text-editor .elementor-drop-cap-letter{display:inline-block}<\/style>\t\t\t\t<p>Somos una academia de idiomas, donde a trav\u00e9s de clases, tutor\u00edas, y cursos virtuales y en persona (individuales), capacitamos a ni\u00f1os, adolescentes y adultos para que puedan alcanzar sus metas con planes 100% personalizados.<\/p><p><br \/>Muchos de nuestros estudiantes ya han estudiado un idioma, m\u00e1s no han logrado perfeccionarlo ni manejar un nivel moderado de conversaci\u00f3n. Por lo cual necesitan un apoyo extra para finalmente hablarlo en el \u00e1mbito que deseen.<\/p><p>Contamos con personal capacitado y con el cual hemos logrado metas como lo han sido; obtenci\u00f3n de ciudadan\u00eda estadounidense, preparaci\u00f3n de ex\u00e1menes, viajar al extranjero, tutor\u00edas escolares, nivelaci\u00f3n, servicio de ni\u00f1eras biling\u00fces, pronunciaci\u00f3n nativa, traducci\u00f3n\/interpretaci\u00f3n, y entre muchos logros m\u00e1s, donde el esfuerzo y la dedicaci\u00f3n han dado frutos en el \u00e1mbito profesional y acad\u00e9mico de nuestros estudiantes.<\/p>\t\t\t\t\t\t<\/div>\n\t\t\t\t<\/div>\n\t\t\t\t\t<\/div>\n\t\t<\/div>\n\t\t\t\t<div class=\"elementor-column elementor-col-50 elementor-top-column elementor-element elementor-element-bc4d4c0\" data-id=\"bc4d4c0\" data-element_type=\"column\">\n\t\t\t<div class=\"elementor-widget-wrap elementor-element-populated\">\n\t\t\t\t\t\t<div class=\"elementor-element elementor-element-48dd569 elementor-widget elementor-widget-image\" data-id=\"48dd569\" data-element_type=\"widget\" data-widget_type=\"image.default\">\n\t\t\t\t<div class=\"elementor-widget-container\">\n\t\t\t<style>\/*! elementor - v3.21.0 - 25-04-2024 *\/\n.elementor-widget-image{text-align:center}.elementor-widget-image a{display:inline-block}.elementor-widget-image a img[src$=\".svg\"]{width:48px}.elementor-widget-image img{vertical-align:middle;display:inline-block}<\/style>\t\t\t\t\t\t\t\t\t\t<img fetchpriority=\"high\" decoding=\"async\" width=\"1024\" height=\"724\" src=\"https:\/\/espanglishfun.com\/wp-content\/uploads\/2023\/02\/imagen-quienes-somos-1024x724.jpg\" class=\"attachment-large size-large wp-image-943\" alt=\"\" srcset=\"https:\/\/espanglishfun.com\/wp-content\/uploads\/2023\/02\/imagen-quienes-somos-1024x724.jpg 1024w, https:\/\/espanglishfun.com\/wp-content\/uploads\/2023\/02\/imagen-quienes-somos-300x212.jpg 300w, https:\/\/espanglishfun.com\/wp-content\/uploads\/2023\/02\/imagen-quienes-somos-768x543.jpg 768w, https:\/\/espanglishfun.com\/wp-content\/uploads\/2023\/02\/imagen-quienes-somos-1000x707.jpg 1000w, https:\/\/espanglishfun.com\/wp-content\/uploads\/2023\/02\/imagen-quienes-somos-230x163.jpg 230w, https:\/\/espanglishfun.com\/wp-content\/uploads\/2023\/02\/imagen-quienes-somos-350x247.jpg 350w, https:\/\/espanglishfun.com\/wp-content\/uploads\/2023\/02\/imagen-quienes-somos-480x339.jpg 480w, https:\/\/espanglishfun.com\/wp-content\/uploads\/2023\/02\/imagen-quienes-somos.jpg 1280w\" sizes=\"(max-width: 1024px) 100vw, 1024px\" \/>\t\t\t\t\t\t\t\t\t\t\t\t\t<\/div>\n\t\t\t\t<\/div>\n\t\t\t\t\t<\/div>\n\t\t<\/div>\n\t\t\t\t\t<\/div>\n\t\t<\/section>\n\t\t\t\t<section class=\"elementor-section elementor-top-section elementor-element elementor-element-cf5ff21 elementor-section-content-middle elementor-section-boxed elementor-section-height-default elementor-section-height-default\" data-id=\"cf5ff21\" data-element_type=\"section\" data-settings=\"{&quot;background_background&quot;:&quot;classic&quot;,&quot;shape_divider_top&quot;:&quot;tilt&quot;,&quot;shape_divider_bottom&quot;:&quot;tilt&quot;}\">\n\t\t\t\t\t<div class=\"elementor-shape elementor-shape-top\" data-negative=\"false\">\n\t\t\t<svg xmlns=\"http:\/\/www.w3.org\/2000\/svg\" viewBox=\"0 0 1000 100\" preserveAspectRatio=\"none\">\n\t<path class=\"elementor-shape-fill\" d=\"M0,6V0h1000v100L0,6z\"\/>\n<\/svg>\t\t<\/div>\n\t\t\t\t<div class=\"elementor-shape elementor-shape-bottom\" data-negative=\"false\">\n\t\t\t<svg xmlns=\"http:\/\/www.w3.org\/2000\/svg\" viewBox=\"0 0 1000 100\" preserveAspectRatio=\"none\">\n\t<path class=\"elementor-shape-fill\" d=\"M0,6V0h1000v100L0,6z\"\/>\n<\/svg>\t\t<\/div>\n\t\t\t\t\t<div class=\"elementor-container elementor-column-gap-default\">\n\t\t\t\t\t<div class=\"elementor-column elementor-col-50 elementor-top-column elementor-element elementor-element-c35989b\" data-id=\"c35989b\" data-element_type=\"column\">\n\t\t\t<div class=\"elementor-widget-wrap elementor-element-populated\">\n\t\t\t\t\t\t<div class=\"elementor-element elementor-element-33e3b28 elementor-widget elementor-widget-image\" data-id=\"33e3b28\" data-element_type=\"widget\" data-widget_type=\"image.default\">\n\t\t\t\t<div class=\"elementor-widget-container\">\n\t\t\t\t\t\t\t\t\t\t\t\t\t<img decoding=\"async\" width=\"1024\" height=\"768\" src=\"https:\/\/espanglishfun.com\/wp-content\/uploads\/2023\/02\/imagen-mision-vision-1024x768.jpg\" class=\"attachment-large size-large wp-image-947\" alt=\"\" srcset=\"https:\/\/espanglishfun.com\/wp-content\/uploads\/2023\/02\/imagen-mision-vision-1024x768.jpg 1024w, https:\/\/espanglishfun.com\/wp-content\/uploads\/2023\/02\/imagen-mision-vision-300x225.jpg 300w, https:\/\/espanglishfun.com\/wp-content\/uploads\/2023\/02\/imagen-mision-vision-768x576.jpg 768w, https:\/\/espanglishfun.com\/wp-content\/uploads\/2023\/02\/imagen-mision-vision-1000x750.jpg 1000w, https:\/\/espanglishfun.com\/wp-content\/uploads\/2023\/02\/imagen-mision-vision-230x173.jpg 230w, https:\/\/espanglishfun.com\/wp-content\/uploads\/2023\/02\/imagen-mision-vision-350x263.jpg 350w, https:\/\/espanglishfun.com\/wp-content\/uploads\/2023\/02\/imagen-mision-vision-480x360.jpg 480w, https:\/\/espanglishfun.com\/wp-content\/uploads\/2023\/02\/imagen-mision-vision.jpg 1280w\" sizes=\"(max-width: 1024px) 100vw, 1024px\" \/>\t\t\t\t\t\t\t\t\t\t\t\t\t<\/div>\n\t\t\t\t<\/div>\n\t\t\t\t\t<\/div>\n\t\t<\/div>\n\t\t\t\t<div class=\"elementor-column elementor-col-50 elementor-top-column elementor-element elementor-element-9d8f192\" data-id=\"9d8f192\" data-element_type=\"column\">\n\t\t\t<div class=\"elementor-widget-wrap elementor-element-populated\">\n\t\t\t\t\t\t<div class=\"elementor-element elementor-element-a2ff96d elementor-widget elementor-widget-heading\" data-id=\"a2ff96d\" data-element_type=\"widget\" data-widget_type=\"heading.default\">\n\t\t\t\t<div class=\"elementor-widget-container\">\n\t\t\t<h2 class=\"elementor-heading-title elementor-size-default\">Misi\u00f3n y Visi\u00f3n<\/h2>\t\t<\/div>\n\t\t\t\t<\/div>\n\t\t\t\t<div class=\"elementor-element elementor-element-916967e elementor-widget elementor-widget-heading\" data-id=\"916967e\" data-element_type=\"widget\" data-widget_type=\"heading.default\">\n\t\t\t\t<div class=\"elementor-widget-container\">\n\t\t\t<h6 class=\"elementor-heading-title elementor-size-default\">Misi\u00f3n<\/h6>\t\t<\/div>\n\t\t\t\t<\/div>\n\t\t\t\t<div class=\"elementor-element elementor-element-6811c22 elementor-widget elementor-widget-text-editor\" data-id=\"6811c22\" data-element_type=\"widget\" data-widget_type=\"text-editor.default\">\n\t\t\t\t<div class=\"elementor-widget-container\">\n\t\t\t\t\t\t\t<p class=\"MsoNormal\" style=\"padding: 0pt 0pt 0pt 0pt;\"><span dir=\"LTR\" style=\"mso-spacerun: 'yes'; font-family: Arial; font-size: 11,0000pt;\">Estamos comprometidos a cumplir tu meta personal, ya sea mejorar tu ingl\u00e9s o adquirir conocimiento del idioma en un \u00e1rea espec\u00edfica. Nuestra misi\u00f3n es eliminar las barreras ling\u00fc\u00edsticas y ayudarte a perder el miedo a hablar otro idioma.<\/span><\/p>\t\t\t\t\t\t<\/div>\n\t\t\t\t<\/div>\n\t\t\t\t<div class=\"elementor-element elementor-element-219c930 elementor-widget elementor-widget-heading\" data-id=\"219c930\" data-element_type=\"widget\" data-widget_type=\"heading.default\">\n\t\t\t\t<div class=\"elementor-widget-container\">\n\t\t\t<h6 class=\"elementor-heading-title elementor-size-default\">Visi\u00f3n<\/h6>\t\t<\/div>\n\t\t\t\t<\/div>\n\t\t\t\t<div class=\"elementor-element elementor-element-8c0b95d elementor-widget elementor-widget-text-editor\" data-id=\"8c0b95d\" data-element_type=\"widget\" data-widget_type=\"text-editor.default\">\n\t\t\t\t<div class=\"elementor-widget-container\">\n\t\t\t\t\t\t\t<p class=\"MsoNormal\" style=\"padding: 0pt 0pt 0pt 0pt;\"><span dir=\"LTR\" style=\"mso-spacerun: 'yes'; font-family: Arial; font-size: 11,0000pt;\">Consolidarnos como una academia internacional que forme una comunidad biling\u00fce, con el fin de expandir sus oportunidades laborales, acad\u00e9micas, profesionales y personales mediante el dominio de los idiomas.<\/span><\/p>\t\t\t\t\t\t<\/div>\n\t\t\t\t<\/div>\n\t\t\t\t\t<\/div>\n\t\t<\/div>\n\t\t\t\t\t<\/div>\n\t\t<\/section>\n\t\t\t\t<section class=\"elementor-section elementor-top-section elementor-element elementor-element-cfed380 elementor-section-content-middle elementor-section-boxed elementor-section-height-default elementor-section-height-default\" data-id=\"cfed380\" data-element_type=\"section\" data-settings=\"{&quot;background_background&quot;:&quot;classic&quot;,&quot;shape_divider_top&quot;:&quot;tilt&quot;,&quot;shape_divider_bottom&quot;:&quot;tilt&quot;}\">\n\t\t\t\t\t<div class=\"elementor-shape elementor-shape-top\" data-negative=\"false\">\n\t\t\t<svg xmlns=\"http:\/\/www.w3.org\/2000\/svg\" viewBox=\"0 0 1000 100\" preserveAspectRatio=\"none\">\n\t<path class=\"elementor-shape-fill\" d=\"M0,6V0h1000v100L0,6z\"\/>\n<\/svg>\t\t<\/div>\n\t\t\t\t<div class=\"elementor-shape elementor-shape-bottom\" data-negative=\"false\">\n\t\t\t<svg xmlns=\"http:\/\/www.w3.org\/2000\/svg\" viewBox=\"0 0 1000 100\" preserveAspectRatio=\"none\">\n\t<path class=\"elementor-shape-fill\" d=\"M0,6V0h1000v100L0,6z\"\/>\n<\/svg>\t\t<\/div>\n\t\t\t\t\t<div class=\"elementor-container elementor-column-gap-default\">\n\t\t\t\t\t<div class=\"elementor-column elementor-col-50 elementor-top-column elementor-element elementor-element-d8fac92\" data-id=\"d8fac92\" data-element_type=\"column\">\n\t\t\t<div class=\"elementor-widget-wrap elementor-element-populated\">\n\t\t\t\t\t\t<div class=\"elementor-element elementor-element-ea4173f elementor-widget elementor-widget-heading\" data-id=\"ea4173f\" data-element_type=\"widget\" data-widget_type=\"heading.default\">\n\t\t\t\t<div class=\"elementor-widget-container\">\n\t\t\t<h2 class=\"elementor-heading-title elementor-size-default\">Have a project in mind? Let\u2019s get to work.<\/h2>\t\t<\/div>\n\t\t\t\t<\/div>\n\t\t\t\t\t<\/div>\n\t\t<\/div>\n\t\t\t\t<div class=\"elementor-column elementor-col-50 elementor-top-column elementor-element elementor-element-7aa5769\" data-id=\"7aa5769\" data-element_type=\"column\">\n\t\t\t<div class=\"elementor-widget-wrap elementor-element-populated\">\n\t\t\t\t\t\t<div class=\"elementor-element elementor-element-9c6e3e1 elementor-align-right elementor-mobile-align-center elementor-widget elementor-widget-button\" data-id=\"9c6e3e1\" data-element_type=\"widget\" data-widget_type=\"button.default\">\n\t\t\t\t<div class=\"elementor-widget-container\">\n\t\t\t\t\t<div class=\"elementor-button-wrapper\">\n\t\t\t<a class=\"elementor-button elementor-button-link elementor-size-sm\" href=\"#\">\n\t\t\t\t\t\t<span class=\"elementor-button-content-wrapper\">\n\t\t\t\t\t\t\t\t\t<span class=\"elementor-button-text\">Cont\u00e1ctanos<\/span>\n\t\t\t\t\t<\/span>\n\t\t\t\t\t<\/a>\n\t\t<\/div>\n\t\t\t\t<\/div>\n\t\t\t\t<\/div>\n\t\t\t\t\t<\/div>\n\t\t<\/div>\n\t\t\t\t\t<\/div>\n\t\t<\/section>\n\t\t\t\t<\/div>\n\t\t","protected":false},"excerpt":{"rendered":"<p>Quienes somos Somos una academia de idiomas, donde a trav\u00e9s de clases, tutor\u00edas, y cursos virtuales y en persona (individuales), capacitamos a [&hellip;]<\/p>\n","protected":false},"author":1,"featured_media":0,"parent":0,"menu_order":0,"comment_status":"closed","ping_status":"closed","template":"page-templates\/page_front-page.php","meta":{"footnotes":""},"class_list":["post-401","page","type-page","status-publish","hentry"],"_links":{"self":[{"href":"https:\/\/espanglishfun.com\/index.php\/wp-json\/wp\/v2\/pages\/401","targetHints":{"allow":["GET"]}}],"collection":[{"href":"https:\/\/espanglishfun.com\/index.php\/wp-json\/wp\/v2\/pages"}],"about":[{"href":"https:\/\/espanglishfun.com\/index.php\/wp-json\/wp\/v2\/types\/page"}],"author":[{"embeddable":true,"href":"https:\/\/espanglishfun.com\/index.php\/wp-json\/wp\/v2\/users\/1"}],"replies":[{"embeddable":true,"href":"https:\/\/espanglishfun.com\/index.php\/wp-json\/wp\/v2\/comments?post=401"}],"version-history":[{"count":77,"href":"https:\/\/espanglishfun.com\/index.php\/wp-json\/wp\/v2\/pages\/401\/revisions"}],"predecessor-version":[{"id":1257,"href":"https:\/\/espanglishfun.com\/index.php\/wp-json\/wp\/v2\/pages\/401\/revisions\/1257"}],"wp:attachment":[{"href":"https:\/\/espanglishfun.com\/index.php\/wp-json\/wp\/v2\/media?parent=401"}],"curies":[{"name":"wp","href":"https:\/\/api.w.org\/{rel}","templated":true}]}}